{"id":1881,"date":"2023-03-02T10:06:09","date_gmt":"2023-03-02T10:06:09","guid":{"rendered":"https:\/\/hotelaspostas.com\/web\/?page_id=1881"},"modified":"2023-03-02T10:06:09","modified_gmt":"2023-03-02T10:06:09","slug":"politica-de-privacidad","status":"publish","type":"page","link":"https:\/\/hotelaspostas.com\/web\/politica-de-privacidad\/","title":{"rendered":"Pol\u00edtica de privacidad"},"content":{"rendered":"<section id=\"content\">\n<div id=\"post-3\" class=\"post-3 page type-page status-publish hentry\">\n<div class=\"post-content\">\n<div class=\"page\" title=\"Page 4\">\n<div class=\"layoutArea\">\n<div class=\"column\">\n<p><strong>HOSTAL LAS POSTAS S.L.<\/strong> garantiza la protecci\u00f3n y confidencialidad de los datos personales, de cualquier tipo que nos proporcionen nuestras empresas clientes de acuerdo con lo dispuesto el Reglamento (UE) 2016\/679 del Parlamento Europeo y del Consejo de 27 de abril de 2016 relativo a la protecci\u00f3n de las personas f\u00edsicas en lo que respecta al tratamiento de datos personales y a la libre circulaci\u00f3n de estos datos y la normativa aplicable en cada momento.<\/p>\n<p><strong>\u00bfPara qu\u00e9 se usan mis datos personales?<\/strong><\/p>\n<p class=\"p1\"><span class=\"s1\">La compa\u00f1\u00eda trata los datos personales recogidos como consecuencia de la prestaci\u00f3n del servicio de restauraci\u00f3n y hospedaje.<\/span><\/p>\n<p><strong>\u00bfPor cu\u00e1nto tiempo conservaremos sus datos?<\/strong><\/p>\n<p>Los datos personales se conservara\u0301n durante el tiempo necesario para cumplir con la finalidad para la cual fueron recabados y, posteriormente, por los periodos establecidos por la normativa aplicable para el cumplimiento de obligaciones legales.<\/p>\n<\/div>\n<\/div>\n<\/div>\n<div class=\"page\" title=\"Page 5\">\n<div class=\"layoutArea\">\n<div class=\"column\">\n<p><strong>\u00bfCu\u00e1l es la legitimaci\u00f3n para el tratamiento de los datos personales?<\/strong><\/p>\n<p>La base legal para el tratamiento de sus datos personales es la ejecucio\u0301n del contrato para la prestaci\u00f3n de los servicios propios de la Compan\u0303\u00eda, antes explicados. En relacio\u0301n con las comunicaciones a terceros de sus datos personales a terceros, la legitimacio\u0301n es el cumplimiento de las obligaciones previstas en la normativa aplicable.<\/p>\n<p>Por u\u0301ltimo, el envi\u0301o de comunicaciones comerciales a nuestros clientes se legitima en la normativa aplicable al envi\u0301o de comunicaciones comerciales por medios electro\u0301nicos.<\/p>\n<p><strong>\u00bfCu\u00e1les son mis derechos?<\/strong><\/p>\n<p>En cualquier momento, podra\u0301 oponerse a seguir recibiendo avisos comerciales, asi\u0301 como solicitar confirmacio\u0301n sobre si sus datos personales esta\u0301n siendo tratados por nuestra Compan\u0303i\u0301a y, en caso afirmativo, acceder a los mismos. Asimismo, puede solicitar la rectificacio\u0301n de los datos inexactos o, en su caso, solicitar su supresio\u0301n cuando, entre otros motivos, los datos ya no sea necesarios para los fines para los que se recogieron.<\/p>\n<p>Asimismo, en determinadas circunstancias, podra\u0301 solicitar la limitacio\u0301n del tratamiento de sus datos, en cuyo caso u\u0301nicamente los conservaremos para el ejercicio o la defensa de reclamaciones. Usted tambie\u0301n podra\u0301 oponerse al tratamiento de sus datos en determinadas circunstancias. La Compan\u0303i\u0301a dejara\u0301 de tratar los datos, salvo por motivos legi\u0301timos imperiosos o el ejercicio o la defensa de posibles reclamaciones. Por u\u0301ltimo, cuando sea procedente, se podra\u0301 ejercitar el derecho de portabilidad para obtener los datos en formato electro\u0301nico o que se transmitan los mismos a otra entidad.<\/p>\n<p>Para ejercitar los citados derechos, debera\u0301 dirigir un escrito a cualquiera de las siguientes direcciones:<\/p>\n<p>\u2022 Por carta a la direccio\u0301n: Carretera Nacional 601 (km 50), Navacerrada. 28491. Madrid<\/p>\n<p>\u2022 Por correo electro\u0301nico a: recepcion@hotelaspostas.com<\/p>\n<p>Por u\u0301ltimo, se le informa de su derecho a presentar una reclamacio\u0301n ante la Agencia Espan\u0303ola de Proteccio\u0301n de Datos en caso de que tenga conocimiento o considere que un hecho pueda suponer un incumplimiento de la normativa aplicable en materia de proteccio\u0301n de datos.<\/p>\n<h3>PROPIEDAD INTELECTUAL E INDUSTRIAL<\/h3>\n<p><strong>HOSTAL LAS POSTAS S.L.<\/strong> por si\u0301 o como cesionaria, es titular de todos los derechos de propiedad intelectual e industrial de su pa\u0301gina web, asi\u0301 como de los elementos contenidos en la misma (a ti\u0301tulo enunciativo, ima\u0301genes, sonido, audio, vi\u0301deo, software o textos; marcas o logotipos, combinaciones de colores, estructura y disen\u0303o, seleccio\u0301n de materiales usados, programas de ordenador necesarios para su funcionamiento, acceso y uso, etc.), titularidad de <strong>HOSTAL LAS POSTAS S.L.\u00a0<\/strong>o bien de sus licenciantes.<\/p>\n<\/div>\n<\/div>\n<\/div>\n<div class=\"page\" title=\"Page 6\">\n<div class=\"layoutArea\">\n<div class=\"column\">\n<p>Todos los derechos reservados. En virtud de lo dispuesto en los arti\u0301culos 8 y 32.1, pa\u0301rrafo segundo, de la Ley de Propiedad Intelectual, quedan expresamente prohibidas la reproduccio\u0301n, la distribucio\u0301n y la comunicacio\u0301n pu\u0301blica, incluida su modalidad de puesta a disposicio\u0301n, de la totalidad o parte de los contenidos de esta pa\u0301gina web, con fines comerciales, en cualquier soporte y por cualquier medio te\u0301cnico, sin la autorizacio\u0301n de<strong> HOSTAL LAS POSTAS S.L.<\/strong> El USUARIO se compromete a respetar los derechos de Propiedad Intelectual e Industrial titularidad de <strong>HOSTAL LAS POSTAS S.L.<\/strong> Podra\u0301 visualizar los elementos del portal e incluso imprimirlos, copiarlos y almacenarlos en el disco duro de su ordenador o en cualquier otro soporte fi\u0301sico siempre y cuando sea, u\u0301nica y exclusivamente, para su uso personal y privado. El USUARIO debera\u0301 abstenerse de suprimir, alterar, eludir o manipular cualquier dispositivo de proteccio\u0301n o sistema de seguridad que estuviera instalado en el las pa\u0301ginas de <strong>HOSTAL LAS POSTAS S.L.<\/strong><\/p>\n<h3>EXCLUSI\u00d3N DE GARANT\u00cdAS<\/h3>\n<p><strong>HOSTAL LAS POSTAS S.L.<\/strong> no se hace responsable, en ningu\u0301n caso, de los dan\u0303os y perjuicios de cualquier naturaleza que pudieran ocasionar, a ti\u0301tulo enunciativo: errores u omisiones en los contenidos, falta de disponibilidad del portal o la transmisio\u0301n de virus o programas maliciosos o lesivos en los contenidos, a pesar de haber adoptado todas las medidas tecnolo\u0301gicas necesarias para evitarlo.<\/p>\n<h3>MODIFICACIONES<\/h3>\n<p><strong>HOSTAL LAS POSTAS S.L. <\/strong>se reserva el derecho de efectuar sin previo aviso las modificaciones que considere oportunas en su portal, pudiendo cambiar, suprimir o an\u0303adir tanto los contenidos y servicios que se presten a trave\u0301s de la misma como la forma en la que e\u0301stos aparezcan presentados o localizados en su portal.<\/p>\n<h3>ENLACES<\/h3>\n<p>En el caso de que en nuestra web se dispusiesen enlaces o hipervi\u0301nculos haci\u0301a otros sitios de Internet, <strong>HOSTAL LAS POSTAS S.L.\u00a0<\/strong>no ejercera\u0301 ningu\u0301n tipo de control sobre dichos sitios y contenidos. En ningu\u0301n caso <strong>HOSTAL LAS POSTAS S.L.\u00a0<\/strong>asumira\u0301 responsabilidad alguna por los contenidos de algu\u0301n enlace perteneciente a un sitio web ajeno, ni garantizara\u0301 la disponibilidad te\u0301cnica, calidad, fiabilidad, exactitud, amplitud, veracidad, validez y constitucionalidad de cualquier material o informacio\u0301n contenida en ninguno de dichos hipervi\u0301nculos u otros sitios de Internet.<\/p>\n<p>Igualmente la inclusio\u0301n de estas conexiones externas no implicara\u0301 ningu\u0301n tipo de asociacio\u0301n, fusio\u0301n o participacio\u0301n con las entidades conectadas.<\/p>\n<h3>DERECHO DE EXCLUSI\u00d3N<\/h3>\n<p><strong>HOSTAL LAS POSTAS S.L.<\/strong> se reserva el derecho a denegar o retirar el acceso a portal y\/o los servicios ofrecidos sin necesidad de preaviso, a instancia propia o de un tercero, a aquellos usuarios que incumplan las presentes Condiciones Generales de Uso.<\/p>\n<\/div>\n<\/div>\n<\/div>\n<div class=\"page\" title=\"Page 7\">\n<div class=\"layoutArea\">\n<div class=\"column\">\n<h3>GENERALIDADES<\/h3>\n<p><strong>HOSTAL LAS POSTAS S.L.<\/strong> perseguira\u0301 el incumplimiento de las presentes condiciones asi\u0301 como cualquier utilizacio\u0301n indebida de su portal ejerciendo todas las acciones civiles y penales que le puedan corresponder en derecho.<\/p>\n<h3>MODIFICACI\u00d3N DE LAS PRESENTES CONDICIONES Y DURACI\u00d3N<\/h3>\n<p><strong>HOSTAL LAS POSTAS S.L. <\/strong>podra\u0301 modificar en cualquier momento las condiciones aqui\u0301 determinadas, siendo debidamente publicadas como aqui\u0301 aparecen.<\/p>\n<p>La vigencia de las citadas condiciones ira\u0301 en funcio\u0301n de su exposicio\u0301n y estara\u0301n vigentes hasta debidamente publicadas. que sean modificadas por otras.<\/p>\n<h3>12. LEGISLACI\u00d3N APLICABLE Y JURISDICCI\u00d3N<\/h3>\n<p>La relacio\u0301n entre <strong>HOSTAL LAS POSTAS S.L.<\/strong> y el USUARIO se regira\u0301 por la normativa espan\u0303ola vigente y cualquier controversia se sometera\u0301 a los Juzgados y tribunales de la ciudad donde reside <strong>HOSTAL LAS POSTAS S.L.<\/strong><\/p>\n<\/div>\n<\/div>\n<\/div>\n<\/div>\n<\/div>\n<\/section>\n","protected":false},"excerpt":{"rendered":"<p>HOSTAL LAS POSTAS S.L. garantiza la protecci\u00f3n y confidencialidad de los datos personales, de cualquier tipo que nos proporcionen nuestras empresas clientes de acuerdo con lo dispuesto el Reglamento (UE) 2016\/679 del Parlamento Europeo y del Consejo de 27 de abril de 2016 relativo a la protecci\u00f3n de las personas f\u00edsicas en lo que respecta  [&#8230;]<\/p>\n","protected":false},"author":1,"featured_media":0,"parent":0,"menu_order":0,"comment_status":"closed","ping_status":"closed","template":"","meta":{"footnotes":""},"class_list":["post-1881","page","type-page","status-publish","hentry"],"_links":{"self":[{"href":"https:\/\/hotelaspostas.com\/web\/wp-json\/wp\/v2\/pages\/1881","targetHints":{"allow":["GET"]}}],"collection":[{"href":"https:\/\/hotelaspostas.com\/web\/wp-json\/wp\/v2\/pages"}],"about":[{"href":"https:\/\/hotelaspostas.com\/web\/wp-json\/wp\/v2\/types\/page"}],"author":[{"embeddable":true,"href":"https:\/\/hotelaspostas.com\/web\/wp-json\/wp\/v2\/users\/1"}],"replies":[{"embeddable":true,"href":"https:\/\/hotelaspostas.com\/web\/wp-json\/wp\/v2\/comments?post=1881"}],"version-history":[{"count":1,"href":"https:\/\/hotelaspostas.com\/web\/wp-json\/wp\/v2\/pages\/1881\/revisions"}],"predecessor-version":[{"id":1882,"href":"https:\/\/hotelaspostas.com\/web\/wp-json\/wp\/v2\/pages\/1881\/revisions\/1882"}],"wp:attachment":[{"href":"https:\/\/hotelaspostas.com\/web\/wp-json\/wp\/v2\/media?parent=1881"}],"curies":[{"name":"wp","href":"https:\/\/api.w.org\/{rel}","templated":true}]}}